{"id":575,"date":"2021-06-03T19:42:53","date_gmt":"2021-06-03T17:42:53","guid":{"rendered":"http:\/\/jlr-experience.com\/?page_id=575"},"modified":"2021-06-03T19:55:26","modified_gmt":"2021-06-03T17:55:26","slug":"impressum","status":"publish","type":"page","link":"https:\/\/www.jlr-experience.de\/index.php\/impressum\/","title":{"rendered":"Impressum"},"content":{"rendered":"<div data-colibri-id=\"165-c1\" class=\"style-363 style-local-165-c1 position-relative\">\n  <!---->\n  <div data-colibri-component=\"section\" data-colibri-id=\"165-c2\" id=\"about\" class=\"h-section h-section-global-spacing d-flex align-items-lg-center align-items-md-center align-items-center style-364 style-local-165-c2 position-relative\">\n    <!---->\n    <!---->\n    <div class=\"h-section-grid-container h-section-boxed-container\">\n      <!---->\n      <div data-colibri-id=\"165-c3\" class=\"h-row-container gutters-row-lg-2 gutters-row-md-2 gutters-row-2 gutters-row-v-lg-2 gutters-row-v-md-2 gutters-row-v-2 style-365 style-local-165-c3 position-relative\">\n        <!---->\n        <div class=\"h-row justify-content-lg-center justify-content-md-center justify-content-center align-items-lg-stretch align-items-md-stretch align-items-stretch gutters-col-lg-2 gutters-col-md-2 gutters-col-2 gutters-col-v-lg-2 gutters-col-v-md-2 gutters-col-v-2\">\n          <!---->\n          <div class=\"h-column h-column-container d-flex h-col-lg-auto h-col-md-auto h-col-auto style-366-outer style-local-165-c4-outer\">\n            <div data-colibri-id=\"165-c4\" class=\"d-flex h-flex-basis h-column__inner h-px-lg-2 h-px-md-2 h-px-2 v-inner-lg-2 v-inner-md-2 v-inner-2 style-366 style-local-165-c4 position-relative\">\n              <!---->\n              <!---->\n              <div class=\"w-100 h-y-container h-column__content h-column__v-align flex-basis-100 align-self-lg-center align-self-md-center align-self-center\">\n                <!---->\n                <div data-colibri-id=\"165-c5\" class=\"h-global-transition-all h-heading style-367 style-local-165-c5 position-relative h-element\">\n                  <!---->\n                  <div class=\"h-heading__outer style-367 style-local-165-c5\">\n                    <!---->\n                    <!---->\n                    <h2 class=\"\">Impressum<\/h2>\n                  <\/div>\n                <\/div>\n                <div data-colibri-id=\"165-c7\" class=\"h-text h-text-component style-369 style-local-165-c7 position-relative h-element\">\n                  <!---->\n                  <!---->\n                  <div class=\"\">\n                    <p>APS GmbH\n                      <br>Agentur f\u00fcr Promotion und Service\n                      <br>Am Sportplatz 26 A\n                      <br>42489 W\u00fclfrath\n                      <br>\n                      <br>Telefon 02058 77 80 967\n                      <a href=\"mailto:info@landrover-experience.de\" style=\"color: rgb(51, 51, 51); font-size: 16px; font-weight: 400; font-family: &quot;Open Sans&quot;;\">\n                        <br>Email: info@landrover-experience.de<\/a>\n                    <\/p>\n                    <p>Gesch\u00e4ftsf\u00fchrer: Dag Rogge\n                      <br>Registergericht: Amtsgericht Wuppertal\n                      <br>Registernummer: HRB 9274\n                      <br>\n                      <br>Umsatzsteuer Identifikationsnummer: DE 190 124 408<\/p>\n                    <p>\n                      <br>\n                    <\/p>\n                  <\/div>\n                <\/div>\n              <\/div>\n            <\/div>\n          <\/div>\n          <div class=\"h-column h-column-container d-flex h-col-lg-auto h-col-md-auto h-col-auto style-372-outer style-local-165-c10-outer\">\n            <div data-colibri-id=\"165-c10\" class=\"d-flex h-flex-basis h-column__inner h-px-lg-2 h-px-md-2 h-px-2 v-inner-lg-2 v-inner-md-2 v-inner-2 style-372 style-local-165-c10 position-relative\">\n              <!---->\n              <!---->\n              <div class=\"w-100 h-y-container h-column__content h-column__v-align flex-basis-100 align-self-lg-center align-self-md-center align-self-center\">\n                <!---->\n                <div data-colibri-id=\"165-c12\" class=\"h-text h-text-component style-374 style-local-165-c12 position-relative h-element\">\n                  <!---->\n                  <!---->\n                  <div class=\"\">\n                    <p><strong style=\"font-size: 16px; font-family: &quot;Open Sans&quot;; color: rgb(70, 112, 127);\"><br>Operator:<\/strong><\/p>\n                    <p><span style=\"font-size: 16px; font-family: &quot;Open Sans&quot;; color: rgb(70, 112, 127); font-weight: 400;\">APS GmbH Agentur f\u00fcr Promotion und Service<\/span>\n                      <a href=\"http:\/\/www.aps-team.de\" target=\"_blank\" rel=\"noopener\" class=\"customize-unpreviewable\" style=\"font-size: 16px; font-family: &quot;Open Sans&quot;; color: rgb(51, 51, 51); font-weight: 400;\">\n                        <br>www.aps-team.de<\/a>\n                    <\/p>\n                    <p><strong style=\"font-size: 16px; font-family: &quot;Open Sans&quot;; color: rgb(70, 112, 127);\">Datenschutzbeauftragter der APS GmbH:<\/strong><\/p>\n                    <p><span style=\"font-size: 16px; font-family: &quot;Open Sans&quot;; color: rgb(70, 112, 127); font-weight: 400;\">Matthias Baumg\u00e4rtel<br>SIGMA-CONSULTING GbR<br>Telefon : +49 151 72119130<br>E-Mail :&nbsp;<\/span>&nbsp;\n                      <a href=\"mailto:info@sigma-consulting.de\"\n                        style=\"color: rgb(51, 51, 51); font-size: 16px; font-weight: 400; font-family: &quot;Open Sans&quot;;\">info@sigma-consulting.de<\/a><span style=\"color: rgb(70, 112, 127); font-size: 16px; font-weight: 400; font-family: &quot;Open Sans&quot;;\"><br>Internet :&nbsp;<\/span>&nbsp;\n                      <a href=\"http:\/\/www.dsgvo-extern.de\" class=\"customize-unpreviewable\"\n                        style=\"color: rgb(51, 51, 51); font-size: 16px; font-weight: 400; font-family: &quot;Open Sans&quot;;\">http:\/\/www.dsgvo-extern.de<\/a>\n                    <\/p>\n                    <p>\n                      <br>\n                    <\/p>\n                  <\/div>\n                <\/div>\n              <\/div>\n            <\/div>\n          <\/div>\n        <\/div>\n      <\/div>\n    <\/div>\n  <\/div>\n<\/div>","protected":false},"excerpt":{"rendered":"<p>Impressum APS GmbH Agentur f\u00fcr Promotion und Service Am Sportplatz 26 A 42489 W\u00fclfrath Telefon 02058 77 80 967 Email: info@landrover-experience.de Gesch\u00e4ftsf\u00fchrer: Dag Rogge Registergericht: Amtsgericht Wuppertal Registernummer: HRB 9274 Umsatzsteuer Identifikationsnummer: DE 190 124 408 Operator: APS GmbH Agentur f\u00fcr Promotion und Service www.aps-team.de Datenschutzbeauftragter der APS GmbH: Matthias Baumg\u00e4rtelSIGMA-CONSULTING GbRTelefon : +49 151 [&hellip;]<\/p>\n","protected":false},"author":1,"featured_media":0,"parent":0,"menu_order":0,"comment_status":"closed","ping_status":"closed","template":"page-templates\/full-width-page.php","meta":{"footnotes":""},"class_list":["post-575","page","type-page","status-publish","hentry"],"_links":{"self":[{"href":"https:\/\/www.jlr-experience.de\/index.php\/wp-json\/wp\/v2\/pages\/575","targetHints":{"allow":["GET"]}}],"collection":[{"href":"https:\/\/www.jlr-experience.de\/index.php\/wp-json\/wp\/v2\/pages"}],"about":[{"href":"https:\/\/www.jlr-experience.de\/index.php\/wp-json\/wp\/v2\/types\/page"}],"author":[{"embeddable":true,"href":"https:\/\/www.jlr-experience.de\/index.php\/wp-json\/wp\/v2\/users\/1"}],"replies":[{"embeddable":true,"href":"https:\/\/www.jlr-experience.de\/index.php\/wp-json\/wp\/v2\/comments?post=575"}],"version-history":[{"count":1,"href":"https:\/\/www.jlr-experience.de\/index.php\/wp-json\/wp\/v2\/pages\/575\/revisions"}],"predecessor-version":[{"id":586,"href":"https:\/\/www.jlr-experience.de\/index.php\/wp-json\/wp\/v2\/pages\/575\/revisions\/586"}],"wp:attachment":[{"href":"https:\/\/www.jlr-experience.de\/index.php\/wp-json\/wp\/v2\/media?parent=575"}],"curies":[{"name":"wp","href":"https:\/\/api.w.org\/{rel}","templated":true}]}}